{"id":104,"date":"2023-01-26T11:52:33","date_gmt":"2023-01-26T16:52:33","guid":{"rendered":"http:\/\/medcitysmokeshop.com\/?post_type=product&#038;p=104"},"modified":"2025-06-12T11:56:39","modified_gmt":"2025-06-12T16:56:39","slug":"backwoods-russian-cream-singles","status":"publish","type":"product","link":"https:\/\/medcitysmokeshop.com\/?product=backwoods-russian-cream-singles","title":{"rendered":"Backwoods Russian Cream Singles"},"content":{"rendered":"<p>Tienen un sabor y aroma \u00fanicos, infundidos con vodka, lo que los convierte en algunos de los cigarros m\u00e1s exclusivos que existen. La crema rusa Backwoods tiene un incre\u00edble sabor a caf\u00e9 cremoso y vodka que puedes saborear desde la primera inhalaci\u00f3n de este cigarro.<\/p>\n","protected":false},"excerpt":{"rendered":"<p>Tienen un sabor y aroma \u00fanicos, infundidos con vodka, lo que los convierte en algunos de los cigarros m\u00e1s exclusivos que existen. La crema rusa Backwoods tiene un incre\u00edble sabor a caf\u00e9 cremoso y vodka que puedes saborear desde la primera inhalaci\u00f3n de este cigarro.<\/p>\n","protected":false},"featured_media":105,"template":"","meta":{"nf_dc_page":"","om_disable_all_campaigns":false,"_exactmetrics_skip_tracking":false,"_exactmetrics_sitenote_active":false,"_exactmetrics_sitenote_note":"","_exactmetrics_sitenote_category":0,"_uf_show_specific_survey":0,"_uf_disable_surveys":false},"product_brand":[],"product_cat":[22],"product_tag":[24,26,23],"class_list":{"0":"post-104","1":"product","2":"type-product","3":"status-publish","4":"has-post-thumbnail","6":"product_cat-papeles","7":"product_tag-cueros","8":"product_tag-papel-de-liar","9":"product_tag-papeles","11":"first","12":"instock","13":"taxable","14":"shipping-taxable","15":"purchasable","16":"product-type-simple"},"aioseo_notices":[],"jetpack_sharing_enabled":true,"_links":{"self":[{"href":"https:\/\/medcitysmokeshop.com\/index.php?rest_route=\/wp\/v2\/product\/104","targetHints":{"allow":["GET"]}}],"collection":[{"href":"https:\/\/medcitysmokeshop.com\/index.php?rest_route=\/wp\/v2\/product"}],"about":[{"href":"https:\/\/medcitysmokeshop.com\/index.php?rest_route=\/wp\/v2\/types\/product"}],"wp:featuredmedia":[{"embeddable":true,"href":"https:\/\/medcitysmokeshop.com\/index.php?rest_route=\/wp\/v2\/media\/105"}],"wp:attachment":[{"href":"https:\/\/medcitysmokeshop.com\/index.php?rest_route=%2Fwp%2Fv2%2Fmedia&parent=104"}],"wp:term":[{"taxonomy":"product_brand","embeddable":true,"href":"https:\/\/medcitysmokeshop.com\/index.php?rest_route=%2Fwp%2Fv2%2Fproduct_brand&post=104"},{"taxonomy":"product_cat","embeddable":true,"href":"https:\/\/medcitysmokeshop.com\/index.php?rest_route=%2Fwp%2Fv2%2Fproduct_cat&post=104"},{"taxonomy":"product_tag","embeddable":true,"href":"https:\/\/medcitysmokeshop.com\/index.php?rest_route=%2Fwp%2Fv2%2Fproduct_tag&post=104"}],"curies":[{"name":"wp","href":"https:\/\/api.w.org\/{rel}","templated":true}]}}