{"id":150,"date":"2023-02-07T17:36:21","date_gmt":"2023-02-07T22:36:21","guid":{"rendered":"http:\/\/medcitysmokeshop.com\/?post_type=product&#038;p=150"},"modified":"2025-06-12T11:56:28","modified_gmt":"2025-06-12T16:56:28","slug":"bateria-para-destilados-900-mah-brass-knuckles","status":"publish","type":"product","link":"https:\/\/medcitysmokeshop.com\/?product=bateria-para-destilados-900-mah-brass-knuckles","title":{"rendered":"Bater\u00eda Brass Knuckles"},"content":{"rendered":"<p>Las bater\u00edas Brass Knuckles est\u00e1n especialmente dise\u00f1adas y elaboradas para ser usadas con cartuchos de destilados universales con entrada de rosca 510. Esto la hace compatible con todos los cartuchos de destilados universales.<\/p>\n<p>La bater\u00eda Brass Knuckles incorpora una fuente de poder de 900 mAh de iones de litio que te brindar\u00e1 suficiente potencia para aprovechar al m\u00e1ximo tus destilados por mucho tiempo.<\/p>\n<p>El mecanismo de las bater\u00edas Brass Knuckles es muy sencillo: Para encenderlo solo debes hacer 5 clicks el bot\u00f3n central, con dos clicks se activar\u00e1 el modo de precalentado por 10 segundos y con 3 clicks podr\u00e1s graduar la temperatura (2.4V, 3.2V, 4.0V).<\/p>\n","protected":false},"excerpt":{"rendered":"<p>Las bater\u00edas Brass Knuckles est\u00e1n especialmente dise\u00f1adas y elaboradas para ser usadas con cartuchos de destilados universales con entrada de rosca 510. Esto la hace compatible con todos los cartuchos de destilados universales. La bater\u00eda Brass Knuckles incorpora una fuente de poder de 900 mAh de iones de litio que te brindar\u00e1 suficiente potencia para [&hellip;]<\/p>\n","protected":false},"featured_media":151,"template":"","meta":{"nf_dc_page":"","om_disable_all_campaigns":false,"_exactmetrics_skip_tracking":false,"_exactmetrics_sitenote_active":false,"_exactmetrics_sitenote_note":"","_exactmetrics_sitenote_category":0,"_uf_show_specific_survey":0,"_uf_disable_surveys":false},"product_brand":[],"product_cat":[33],"product_tag":[41,45,43],"class_list":{"0":"post-150","1":"product","2":"type-product","3":"status-publish","4":"has-post-thumbnail","6":"product_cat-baterias","7":"product_tag-baterias","8":"product_tag-brassknuckles","9":"product_tag-electronicos","11":"first","12":"instock","13":"taxable","14":"shipping-taxable","15":"purchasable","16":"product-type-simple"},"aioseo_notices":[],"jetpack_sharing_enabled":true,"_links":{"self":[{"href":"https:\/\/medcitysmokeshop.com\/index.php?rest_route=\/wp\/v2\/product\/150","targetHints":{"allow":["GET"]}}],"collection":[{"href":"https:\/\/medcitysmokeshop.com\/index.php?rest_route=\/wp\/v2\/product"}],"about":[{"href":"https:\/\/medcitysmokeshop.com\/index.php?rest_route=\/wp\/v2\/types\/product"}],"wp:featuredmedia":[{"embeddable":true,"href":"https:\/\/medcitysmokeshop.com\/index.php?rest_route=\/wp\/v2\/media\/151"}],"wp:attachment":[{"href":"https:\/\/medcitysmokeshop.com\/index.php?rest_route=%2Fwp%2Fv2%2Fmedia&parent=150"}],"wp:term":[{"taxonomy":"product_brand","embeddable":true,"href":"https:\/\/medcitysmokeshop.com\/index.php?rest_route=%2Fwp%2Fv2%2Fproduct_brand&post=150"},{"taxonomy":"product_cat","embeddable":true,"href":"https:\/\/medcitysmokeshop.com\/index.php?rest_route=%2Fwp%2Fv2%2Fproduct_cat&post=150"},{"taxonomy":"product_tag","embeddable":true,"href":"https:\/\/medcitysmokeshop.com\/index.php?rest_route=%2Fwp%2Fv2%2Fproduct_tag&post=150"}],"curies":[{"name":"wp","href":"https:\/\/api.w.org\/{rel}","templated":true}]}}