{"id":152,"date":"2023-02-07T17:51:22","date_gmt":"2023-02-07T22:51:22","guid":{"rendered":"http:\/\/medcitysmokeshop.com\/?post_type=product&#038;p=152"},"modified":"2025-06-12T11:56:11","modified_gmt":"2025-06-12T16:56:11","slug":"twisted-hemp-wrap","status":"publish","type":"product","link":"https:\/\/medcitysmokeshop.com\/?product=twisted-hemp-wrap","title":{"rendered":"Twisted Hemp Wrap"},"content":{"rendered":"<p>\u00bfAlguna vez ha fumado en Blunt libre de tabaco? \u00a1Las envolturas retorcidas de c\u00e1\u00f1amo cambiar\u00e1n tu forma de forjar! \u00a1Cada paquete contiene 4 bluts de c\u00e1\u00f1amo con sabor que presentan una combusti\u00f3n lenta, sin la dureza del tabaco<\/p>\n","protected":false},"excerpt":{"rendered":"<p>\u00bfAlguna vez ha fumado en Blunt libre de tabaco? \u00a1Las envolturas retorcidas de c\u00e1\u00f1amo cambiar\u00e1n tu forma de forjar! \u00a1Cada paquete contiene 4 bluts de c\u00e1\u00f1amo con sabor que presentan una combusti\u00f3n lenta, sin la dureza del tabaco<\/p>\n","protected":false},"featured_media":153,"template":"","meta":{"nf_dc_page":"","om_disable_all_campaigns":false,"_exactmetrics_skip_tracking":false,"_exactmetrics_sitenote_active":false,"_exactmetrics_sitenote_note":"","_exactmetrics_sitenote_category":0,"_uf_show_specific_survey":0,"_uf_disable_surveys":false},"product_brand":[],"product_cat":[22],"product_tag":[24,26,46],"class_list":{"0":"post-152","1":"product","2":"type-product","3":"status-publish","4":"has-post-thumbnail","6":"product_cat-papeles","7":"product_tag-cueros","8":"product_tag-papel-de-liar","9":"product_tag-twisted-hemp","11":"first","12":"instock","13":"taxable","14":"shipping-taxable","15":"purchasable","16":"product-type-simple"},"aioseo_notices":[],"jetpack_sharing_enabled":true,"_links":{"self":[{"href":"https:\/\/medcitysmokeshop.com\/index.php?rest_route=\/wp\/v2\/product\/152","targetHints":{"allow":["GET"]}}],"collection":[{"href":"https:\/\/medcitysmokeshop.com\/index.php?rest_route=\/wp\/v2\/product"}],"about":[{"href":"https:\/\/medcitysmokeshop.com\/index.php?rest_route=\/wp\/v2\/types\/product"}],"wp:featuredmedia":[{"embeddable":true,"href":"https:\/\/medcitysmokeshop.com\/index.php?rest_route=\/wp\/v2\/media\/153"}],"wp:attachment":[{"href":"https:\/\/medcitysmokeshop.com\/index.php?rest_route=%2Fwp%2Fv2%2Fmedia&parent=152"}],"wp:term":[{"taxonomy":"product_brand","embeddable":true,"href":"https:\/\/medcitysmokeshop.com\/index.php?rest_route=%2Fwp%2Fv2%2Fproduct_brand&post=152"},{"taxonomy":"product_cat","embeddable":true,"href":"https:\/\/medcitysmokeshop.com\/index.php?rest_route=%2Fwp%2Fv2%2Fproduct_cat&post=152"},{"taxonomy":"product_tag","embeddable":true,"href":"https:\/\/medcitysmokeshop.com\/index.php?rest_route=%2Fwp%2Fv2%2Fproduct_tag&post=152"}],"curies":[{"name":"wp","href":"https:\/\/api.w.org\/{rel}","templated":true}]}}