{"id":156,"date":"2023-02-08T14:04:21","date_gmt":"2023-02-08T19:04:21","guid":{"rendered":"http:\/\/medcitysmokeshop.com\/?post_type=product&#038;p=156"},"modified":"2025-06-12T11:53:33","modified_gmt":"2025-06-12T16:53:33","slug":"candelas-clipper","status":"publish","type":"product","link":"https:\/\/medcitysmokeshop.com\/?product=candelas-clipper","title":{"rendered":"Candelas Clipper"},"content":{"rendered":"<p>Clipper es la marca de un tipo de encendedor de gas butano que nace en Barcelona en 1970, por un dise\u00f1o de Enric Sard\u00e0 y fabricado por Flamagas S.A, marca fundada en 1959. Se estima que en 2011 se produc\u00edan unos 200 millones de unidades al a\u00f1o, la mayor\u00eda en una f\u00e1brica cerca de Barcelona, y el resto en Chennai (India) y en Shangh\u00e1i (China) entre otros lugares del mundo.<\/p>\n","protected":false},"excerpt":{"rendered":"<p>Clipper es la marca de un tipo de encendedor de gas butano que nace en Barcelona en 1970, por un dise\u00f1o de Enric Sard\u00e0 y fabricado por Flamagas S.A, marca fundada en 1959. Se estima que en 2011 se produc\u00edan unos 200 millones de unidades al a\u00f1o, la mayor\u00eda en una f\u00e1brica cerca de Barcelona, [&hellip;]<\/p>\n","protected":false},"featured_media":157,"template":"","meta":{"nf_dc_page":"","om_disable_all_campaigns":false,"_exactmetrics_skip_tracking":false,"_exactmetrics_sitenote_active":false,"_exactmetrics_sitenote_note":"","_exactmetrics_sitenote_category":0,"_uf_show_specific_survey":0,"_uf_disable_surveys":false},"product_brand":[],"product_cat":[36],"product_tag":[47,38],"class_list":{"0":"post-156","1":"product","2":"type-product","3":"status-publish","4":"has-post-thumbnail","6":"product_cat-encendedores","7":"product_tag-clipper","8":"product_tag-encendedores","10":"first","11":"instock","12":"taxable","13":"shipping-taxable","14":"purchasable","15":"product-type-simple"},"aioseo_notices":[],"jetpack_sharing_enabled":true,"_links":{"self":[{"href":"https:\/\/medcitysmokeshop.com\/index.php?rest_route=\/wp\/v2\/product\/156","targetHints":{"allow":["GET"]}}],"collection":[{"href":"https:\/\/medcitysmokeshop.com\/index.php?rest_route=\/wp\/v2\/product"}],"about":[{"href":"https:\/\/medcitysmokeshop.com\/index.php?rest_route=\/wp\/v2\/types\/product"}],"wp:featuredmedia":[{"embeddable":true,"href":"https:\/\/medcitysmokeshop.com\/index.php?rest_route=\/wp\/v2\/media\/157"}],"wp:attachment":[{"href":"https:\/\/medcitysmokeshop.com\/index.php?rest_route=%2Fwp%2Fv2%2Fmedia&parent=156"}],"wp:term":[{"taxonomy":"product_brand","embeddable":true,"href":"https:\/\/medcitysmokeshop.com\/index.php?rest_route=%2Fwp%2Fv2%2Fproduct_brand&post=156"},{"taxonomy":"product_cat","embeddable":true,"href":"https:\/\/medcitysmokeshop.com\/index.php?rest_route=%2Fwp%2Fv2%2Fproduct_cat&post=156"},{"taxonomy":"product_tag","embeddable":true,"href":"https:\/\/medcitysmokeshop.com\/index.php?rest_route=%2Fwp%2Fv2%2Fproduct_tag&post=156"}],"curies":[{"name":"wp","href":"https:\/\/api.w.org\/{rel}","templated":true}]}}