{"id":158,"date":"2023-02-08T14:51:17","date_gmt":"2023-02-08T19:51:17","guid":{"rendered":"http:\/\/medcitysmokeshop.com\/?post_type=product&#038;p=158"},"modified":"2025-06-12T11:53:22","modified_gmt":"2025-06-12T16:53:22","slug":"florapassion-high-hemp-wraps","status":"publish","type":"product","link":"https:\/\/medcitysmokeshop.com\/?product=florapassion-high-hemp-wraps","title":{"rendered":"Florapassion High Hemp Wraps"},"content":{"rendered":"<p>\u00a1El Flora Passion de High Hemp es como fumar un sabor como una verdadera fruta de la pasi\u00f3n llena de sabor!<\/p>\n<p>Viajando por el universo, nos topamos con un fruto \u00fanico en el planeta tierra. Una vid hermosa con flores incre\u00edbles.\u00a0Despu\u00e9s de analizar esta vid encontramos el fruto.\u00a0Sab\u00edamos que ten\u00edamos que arrebatar la hermosa fruta de la vid y extraer el fascinante aroma.<\/p>\n<p>Esta experiencia ex\u00f3tica \u00fanica brinda a nuestros clientes un aroma agradablemente \u00e1cido y agrio con un toque de dulzura.\u00a0Una vez que fumes una Flora Passion, siempre te apasionar\u00e1 High Hemp.<\/p>\n","protected":false},"excerpt":{"rendered":"<p>\u00a1El Flora Passion de High Hemp es como fumar un sabor como una verdadera fruta de la pasi\u00f3n llena de sabor! Viajando por el universo, nos topamos con un fruto \u00fanico en el planeta tierra. Una vid hermosa con flores incre\u00edbles.\u00a0Despu\u00e9s de analizar esta vid encontramos el fruto.\u00a0Sab\u00edamos que ten\u00edamos que arrebatar la hermosa fruta [&hellip;]<\/p>\n","protected":false},"featured_media":159,"template":"","meta":{"nf_dc_page":"","om_disable_all_campaigns":false,"_exactmetrics_skip_tracking":false,"_exactmetrics_sitenote_active":false,"_exactmetrics_sitenote_note":"","_exactmetrics_sitenote_category":0,"_uf_show_specific_survey":0,"_uf_disable_surveys":false},"product_brand":[],"product_cat":[22,48],"product_tag":[30,26,23,49],"class_list":{"0":"post-158","1":"product","2":"type-product","3":"status-publish","4":"has-post-thumbnail","6":"product_cat-papeles","7":"product_cat-wraps","8":"product_tag-armado","9":"product_tag-papel-de-liar","10":"product_tag-papeles","11":"product_tag-wraps","13":"first","14":"instock","15":"taxable","16":"shipping-taxable","17":"purchasable","18":"product-type-simple"},"aioseo_notices":[],"jetpack_sharing_enabled":true,"_links":{"self":[{"href":"https:\/\/medcitysmokeshop.com\/index.php?rest_route=\/wp\/v2\/product\/158","targetHints":{"allow":["GET"]}}],"collection":[{"href":"https:\/\/medcitysmokeshop.com\/index.php?rest_route=\/wp\/v2\/product"}],"about":[{"href":"https:\/\/medcitysmokeshop.com\/index.php?rest_route=\/wp\/v2\/types\/product"}],"wp:featuredmedia":[{"embeddable":true,"href":"https:\/\/medcitysmokeshop.com\/index.php?rest_route=\/wp\/v2\/media\/159"}],"wp:attachment":[{"href":"https:\/\/medcitysmokeshop.com\/index.php?rest_route=%2Fwp%2Fv2%2Fmedia&parent=158"}],"wp:term":[{"taxonomy":"product_brand","embeddable":true,"href":"https:\/\/medcitysmokeshop.com\/index.php?rest_route=%2Fwp%2Fv2%2Fproduct_brand&post=158"},{"taxonomy":"product_cat","embeddable":true,"href":"https:\/\/medcitysmokeshop.com\/index.php?rest_route=%2Fwp%2Fv2%2Fproduct_cat&post=158"},{"taxonomy":"product_tag","embeddable":true,"href":"https:\/\/medcitysmokeshop.com\/index.php?rest_route=%2Fwp%2Fv2%2Fproduct_tag&post=158"}],"curies":[{"name":"wp","href":"https:\/\/api.w.org\/{rel}","templated":true}]}}