{"id":160,"date":"2023-02-08T14:59:41","date_gmt":"2023-02-08T19:59:41","guid":{"rendered":"http:\/\/medcitysmokeshop.com\/?post_type=product&#038;p=160"},"modified":"2025-06-12T11:53:07","modified_gmt":"2025-06-12T16:53:07","slug":"cuerda-encerada-hornet-hemp-wick-1mt","status":"publish","type":"product","link":"https:\/\/medcitysmokeshop.com\/?product=cuerda-encerada-hornet-hemp-wick-1mt","title":{"rendered":"Cuerda encerada Hornet Hemp Wick 1mt"},"content":{"rendered":"<p>Cuerda\u00a0 encerada de c\u00e1\u00f1amo Hornet Hemp Wick para encender<\/p>\n<ul>\n<li>Cuerda en c\u00e1\u00f1amo natural sin refinar<\/li>\n<li>Cuerda encerada con cera de abejas<\/li>\n<li>Alternativa natural a los encendedores o f\u00f3sforos<\/li>\n<li>No se consumen qu\u00edmicos al inhalar<\/li>\n<li>1mts<\/li>\n<\/ul>\n","protected":false},"excerpt":{"rendered":"<p>Cuerda\u00a0 encerada de c\u00e1\u00f1amo Hornet Hemp Wick para encender Cuerda en c\u00e1\u00f1amo natural sin refinar Cuerda encerada con cera de abejas Alternativa natural a los encendedores o f\u00f3sforos No se consumen qu\u00edmicos al inhalar 1mts<\/p>\n","protected":false},"featured_media":161,"template":"","meta":{"nf_dc_page":"","om_disable_all_campaigns":false,"_exactmetrics_skip_tracking":false,"_exactmetrics_sitenote_active":false,"_exactmetrics_sitenote_note":"","_exactmetrics_sitenote_category":0,"_uf_show_specific_survey":0,"_uf_disable_surveys":false},"product_brand":[],"product_cat":[16,36,50],"product_tag":[53,51,52],"class_list":{"0":"post-160","1":"product","2":"type-product","3":"status-publish","4":"has-post-thumbnail","6":"product_cat-accessories","7":"product_cat-encendedores","8":"product_cat-hemp","9":"product_tag-canamo","10":"product_tag-hemp","11":"product_tag-hornet","13":"first","14":"instock","15":"taxable","16":"shipping-taxable","17":"purchasable","18":"product-type-simple"},"aioseo_notices":[],"jetpack_sharing_enabled":true,"_links":{"self":[{"href":"https:\/\/medcitysmokeshop.com\/index.php?rest_route=\/wp\/v2\/product\/160","targetHints":{"allow":["GET"]}}],"collection":[{"href":"https:\/\/medcitysmokeshop.com\/index.php?rest_route=\/wp\/v2\/product"}],"about":[{"href":"https:\/\/medcitysmokeshop.com\/index.php?rest_route=\/wp\/v2\/types\/product"}],"wp:featuredmedia":[{"embeddable":true,"href":"https:\/\/medcitysmokeshop.com\/index.php?rest_route=\/wp\/v2\/media\/161"}],"wp:attachment":[{"href":"https:\/\/medcitysmokeshop.com\/index.php?rest_route=%2Fwp%2Fv2%2Fmedia&parent=160"}],"wp:term":[{"taxonomy":"product_brand","embeddable":true,"href":"https:\/\/medcitysmokeshop.com\/index.php?rest_route=%2Fwp%2Fv2%2Fproduct_brand&post=160"},{"taxonomy":"product_cat","embeddable":true,"href":"https:\/\/medcitysmokeshop.com\/index.php?rest_route=%2Fwp%2Fv2%2Fproduct_cat&post=160"},{"taxonomy":"product_tag","embeddable":true,"href":"https:\/\/medcitysmokeshop.com\/index.php?rest_route=%2Fwp%2Fv2%2Fproduct_tag&post=160"}],"curies":[{"name":"wp","href":"https:\/\/api.w.org\/{rel}","templated":true}]}}