{"id":162,"date":"2023-02-08T16:28:57","date_gmt":"2023-02-08T21:28:57","guid":{"rendered":"http:\/\/medcitysmokeshop.com\/?post_type=product&#038;p=162"},"modified":"2025-06-12T11:52:53","modified_gmt":"2025-06-12T16:52:53","slug":"ciclones-xtraslow-supreme-nos-conos-tabaco-blunt-x-2","status":"publish","type":"product","link":"https:\/\/medcitysmokeshop.com\/?product=ciclones-xtraslow-supreme-nos-conos-tabaco-blunt-x-2","title":{"rendered":"Ciclones &#8211; Xtraslow &#8211; Supreme NOS+ Conos Tabaco Blunt X 2"},"content":{"rendered":"<p>CYCLONES Supreme NOS XtraSlo Burning Cigar (Tobacco) Cones, los conos preliados de tabaco puro es la mejor opci\u00f3n para fumar un porro preliado gracias a su producci\u00f3n 100% libre de tabaco y nicotina.<\/p>\n<div>\n<p>Cada cono viene en su propio tubo doble reutilizable que los proteger\u00e1 de ser aplastados o da\u00f1ados, y que podr\u00e1s rellenar y dejar listo para fumar cuando quieras.\u00a0Dise\u00f1ado para una combusti\u00f3n lenta y uniforme.<\/p>\n<ul>\n<li>Viene con punta de madera Dank7.<\/li>\n<li>Cada tubo contiene 2 conos Preliados King Size, listos para llenar y fumar.<\/li>\n<li>Tama\u00f1o: 105 mm (longitud)<\/li>\n<li>Sabor Supremo NOS (Lemon Energy)<\/li>\n<\/ul>\n<\/div>\n","protected":false},"excerpt":{"rendered":"<p>CYCLONES Supreme NOS XtraSlo Burning Cigar (Tobacco) Cones, los conos preliados de tabaco puro es la mejor opci\u00f3n para fumar un porro preliado gracias a su producci\u00f3n 100% libre de tabaco y nicotina. Cada cono viene en su propio tubo doble reutilizable que los proteger\u00e1 de ser aplastados o da\u00f1ados, y que podr\u00e1s rellenar y [&hellip;]<\/p>\n","protected":false},"featured_media":163,"template":"","meta":{"nf_dc_page":"","om_disable_all_campaigns":false,"_exactmetrics_skip_tracking":false,"_exactmetrics_sitenote_active":false,"_exactmetrics_sitenote_note":"","_exactmetrics_sitenote_category":0,"_uf_show_specific_survey":0,"_uf_disable_surveys":false},"product_brand":[],"product_cat":[22,48],"product_tag":[30,24,26,23,49],"class_list":{"0":"post-162","1":"product","2":"type-product","3":"status-publish","4":"has-post-thumbnail","6":"product_cat-papeles","7":"product_cat-wraps","8":"product_tag-armado","9":"product_tag-cueros","10":"product_tag-papel-de-liar","11":"product_tag-papeles","12":"product_tag-wraps","14":"first","15":"instock","16":"taxable","17":"shipping-taxable","18":"purchasable","19":"product-type-simple"},"aioseo_notices":[],"jetpack_sharing_enabled":true,"_links":{"self":[{"href":"https:\/\/medcitysmokeshop.com\/index.php?rest_route=\/wp\/v2\/product\/162","targetHints":{"allow":["GET"]}}],"collection":[{"href":"https:\/\/medcitysmokeshop.com\/index.php?rest_route=\/wp\/v2\/product"}],"about":[{"href":"https:\/\/medcitysmokeshop.com\/index.php?rest_route=\/wp\/v2\/types\/product"}],"wp:featuredmedia":[{"embeddable":true,"href":"https:\/\/medcitysmokeshop.com\/index.php?rest_route=\/wp\/v2\/media\/163"}],"wp:attachment":[{"href":"https:\/\/medcitysmokeshop.com\/index.php?rest_route=%2Fwp%2Fv2%2Fmedia&parent=162"}],"wp:term":[{"taxonomy":"product_brand","embeddable":true,"href":"https:\/\/medcitysmokeshop.com\/index.php?rest_route=%2Fwp%2Fv2%2Fproduct_brand&post=162"},{"taxonomy":"product_cat","embeddable":true,"href":"https:\/\/medcitysmokeshop.com\/index.php?rest_route=%2Fwp%2Fv2%2Fproduct_cat&post=162"},{"taxonomy":"product_tag","embeddable":true,"href":"https:\/\/medcitysmokeshop.com\/index.php?rest_route=%2Fwp%2Fv2%2Fproduct_tag&post=162"}],"curies":[{"name":"wp","href":"https:\/\/api.w.org\/{rel}","templated":true}]}}