{"id":166,"date":"2023-02-09T00:17:01","date_gmt":"2023-02-09T05:17:01","guid":{"rendered":"http:\/\/medcitysmokeshop.com\/?post_type=product&#038;p=166"},"modified":"2025-06-12T11:37:05","modified_gmt":"2025-06-12T16:37:05","slug":"natural-hemp-cotton-rolling-tips-hornet","status":"publish","type":"product","link":"https:\/\/medcitysmokeshop.com\/?product=natural-hemp-cotton-rolling-tips-hornet","title":{"rendered":"Natural Hemp &#038; Cotton Rolling Tips Hornet"},"content":{"rendered":"<p>Los tips HORNET de cart\u00f3n son ideales para armar cigarrillos slim o regulares. Est\u00e1n hechos de c\u00e1\u00f1amo y troquelados para que se enrolle mas f\u00e1cil cuando armas el cigarrillo. Cada librito trae 50 filtros.<\/p>\n","protected":false},"excerpt":{"rendered":"<p>Los tips HORNET de cart\u00f3n son ideales para armar cigarrillos slim o regulares. Est\u00e1n hechos de c\u00e1\u00f1amo y troquelados para que se enrolle mas f\u00e1cil cuando armas el cigarrillo. Cada librito trae 50 filtros.<\/p>\n","protected":false},"featured_media":167,"template":"","meta":{"nf_dc_page":"","om_disable_all_campaigns":false,"_exactmetrics_skip_tracking":false,"_exactmetrics_sitenote_active":false,"_exactmetrics_sitenote_note":"","_exactmetrics_sitenote_category":0,"_uf_show_specific_survey":0,"_uf_disable_surveys":false},"product_brand":[],"product_cat":[54],"product_tag":[53,55,52,56],"class_list":{"0":"post-166","1":"product","2":"type-product","3":"status-publish","4":"has-post-thumbnail","6":"product_cat-filtros","7":"product_tag-canamo","8":"product_tag-filtros","9":"product_tag-hornet","10":"product_tag-tips","12":"first","13":"instock","14":"taxable","15":"shipping-taxable","16":"purchasable","17":"product-type-simple"},"aioseo_notices":[],"jetpack_sharing_enabled":true,"_links":{"self":[{"href":"https:\/\/medcitysmokeshop.com\/index.php?rest_route=\/wp\/v2\/product\/166","targetHints":{"allow":["GET"]}}],"collection":[{"href":"https:\/\/medcitysmokeshop.com\/index.php?rest_route=\/wp\/v2\/product"}],"about":[{"href":"https:\/\/medcitysmokeshop.com\/index.php?rest_route=\/wp\/v2\/types\/product"}],"wp:featuredmedia":[{"embeddable":true,"href":"https:\/\/medcitysmokeshop.com\/index.php?rest_route=\/wp\/v2\/media\/167"}],"wp:attachment":[{"href":"https:\/\/medcitysmokeshop.com\/index.php?rest_route=%2Fwp%2Fv2%2Fmedia&parent=166"}],"wp:term":[{"taxonomy":"product_brand","embeddable":true,"href":"https:\/\/medcitysmokeshop.com\/index.php?rest_route=%2Fwp%2Fv2%2Fproduct_brand&post=166"},{"taxonomy":"product_cat","embeddable":true,"href":"https:\/\/medcitysmokeshop.com\/index.php?rest_route=%2Fwp%2Fv2%2Fproduct_cat&post=166"},{"taxonomy":"product_tag","embeddable":true,"href":"https:\/\/medcitysmokeshop.com\/index.php?rest_route=%2Fwp%2Fv2%2Fproduct_tag&post=166"}],"curies":[{"name":"wp","href":"https:\/\/api.w.org\/{rel}","templated":true}]}}