{"id":336,"date":"2023-10-19T09:49:49","date_gmt":"2023-10-19T14:49:49","guid":{"rendered":"https:\/\/medcitysmokeshop.com\/?post_type=product&#038;p=336"},"modified":"2025-06-12T11:36:00","modified_gmt":"2025-06-12T16:36:00","slug":"dip-devices-little-dipper","status":"publish","type":"product","link":"https:\/\/medcitysmokeshop.com\/?product=dip-devices-little-dipper","title":{"rendered":"Dip Devices Little Dipper"},"content":{"rendered":"","protected":false},"excerpt":{"rendered":"<p>Little Dipper es el producto m\u00e1s nuevo de Dip Devices y lleg\u00f3 a un precio incre\u00edble. Ofrece lo \u00faltimo en tecnolog\u00eda de punta,vaporiza directo desde el concentrado con un equipo peque\u00f1o, compacto y port\u00e1til. Disfruta el concentrado directamente desde el contenedor, en cualquier momento y en cualquier lugar. Cuenta con una bater\u00eda confiable que tiene el doble de capacidad que la de la competencia, nunca te quedar\u00e1s sin \u00e9l cuando m\u00e1s lo necesites.<\/p>\n<p>\u2022 Excelente precio<br \/>\n\u2022 Calentamiento r\u00e1pido<br \/>\n\u2022 Dise\u00f1o compacto, port\u00e1til y ergon\u00f3mico<br \/>\n\u2022 Tres configuraciones de energ\u00eda para un consumo m\u00e1s preciso<br \/>\n\u2022 Potente bater\u00eda recargable micro-USB de 650 mAh<br \/>\n\u2022 Tecnolog\u00eda de flujo de aire patentada<br \/>\n\u2022 F\u00e1cil de limpiar<br \/>\n\u2022 Atomizadores reemplazables para sabores limpios y frescos.<\/p>\n","protected":false},"featured_media":337,"template":"","meta":{"nf_dc_page":"","om_disable_all_campaigns":false,"_exactmetrics_skip_tracking":false,"_exactmetrics_sitenote_active":false,"_exactmetrics_sitenote_note":"","_exactmetrics_sitenote_category":0,"_uf_show_specific_survey":0,"_uf_disable_surveys":false},"product_brand":[],"product_cat":[70],"product_tag":[],"class_list":{"0":"post-336","1":"product","2":"type-product","3":"status-publish","4":"has-post-thumbnail","6":"product_cat-vaporizadores-concentrados","8":"first","9":"instock","10":"taxable","11":"shipping-taxable","12":"purchasable","13":"product-type-simple"},"aioseo_notices":[],"jetpack_sharing_enabled":true,"_links":{"self":[{"href":"https:\/\/medcitysmokeshop.com\/index.php?rest_route=\/wp\/v2\/product\/336","targetHints":{"allow":["GET"]}}],"collection":[{"href":"https:\/\/medcitysmokeshop.com\/index.php?rest_route=\/wp\/v2\/product"}],"about":[{"href":"https:\/\/medcitysmokeshop.com\/index.php?rest_route=\/wp\/v2\/types\/product"}],"wp:featuredmedia":[{"embeddable":true,"href":"https:\/\/medcitysmokeshop.com\/index.php?rest_route=\/wp\/v2\/media\/337"}],"wp:attachment":[{"href":"https:\/\/medcitysmokeshop.com\/index.php?rest_route=%2Fwp%2Fv2%2Fmedia&parent=336"}],"wp:term":[{"taxonomy":"product_brand","embeddable":true,"href":"https:\/\/medcitysmokeshop.com\/index.php?rest_route=%2Fwp%2Fv2%2Fproduct_brand&post=336"},{"taxonomy":"product_cat","embeddable":true,"href":"https:\/\/medcitysmokeshop.com\/index.php?rest_route=%2Fwp%2Fv2%2Fproduct_cat&post=336"},{"taxonomy":"product_tag","embeddable":true,"href":"https:\/\/medcitysmokeshop.com\/index.php?rest_route=%2Fwp%2Fv2%2Fproduct_tag&post=336"}],"curies":[{"name":"wp","href":"https:\/\/api.w.org\/{rel}","templated":true}]}}