{"id":415,"date":"2023-10-20T15:16:04","date_gmt":"2023-10-20T20:16:04","guid":{"rendered":"https:\/\/medcitysmokeshop.com\/?post_type=product&#038;p=415"},"modified":"2025-06-11T06:09:37","modified_gmt":"2025-06-11T11:09:37","slug":"raw-organic-papers-1-1-4-8000","status":"publish","type":"product","link":"https:\/\/medcitysmokeshop.com\/?product=raw-organic-papers-1-1-4-8000","title":{"rendered":"RAW Organic Papers 1 1\/4"},"content":{"rendered":"","protected":false},"excerpt":{"rendered":"<p>Los papeles de fumar Raw son de los m\u00e1s utilizados por los consumidores del mundo entero, ya que nos garantizan una composici\u00f3n 100% procedente de productos naturales. Podemos encontrar papeles Raw por toda Am\u00e9rica y Europa, ya que son uno de los m\u00e1s demandados, llegando a ser uno de los patrocinadores principales de algunas estrellas del rap conocidas por su afici\u00f3n al cannabis, como Wiz Khalifa y Snoop Dogg.<\/p>\n","protected":false},"featured_media":416,"template":"","meta":{"nf_dc_page":"","om_disable_all_campaigns":false,"_exactmetrics_skip_tracking":false,"_exactmetrics_sitenote_active":false,"_exactmetrics_sitenote_note":"","_exactmetrics_sitenote_category":0,"_uf_show_specific_survey":0,"_uf_disable_surveys":false},"product_brand":[],"product_cat":[22],"product_tag":[28],"class_list":{"0":"post-415","1":"product","2":"type-product","3":"status-publish","4":"has-post-thumbnail","6":"product_cat-papeles","7":"product_tag-raw","9":"first","10":"instock","11":"taxable","12":"shipping-taxable","13":"product-type-simple"},"aioseo_notices":[],"jetpack_sharing_enabled":true,"_links":{"self":[{"href":"https:\/\/medcitysmokeshop.com\/index.php?rest_route=\/wp\/v2\/product\/415","targetHints":{"allow":["GET"]}}],"collection":[{"href":"https:\/\/medcitysmokeshop.com\/index.php?rest_route=\/wp\/v2\/product"}],"about":[{"href":"https:\/\/medcitysmokeshop.com\/index.php?rest_route=\/wp\/v2\/types\/product"}],"wp:featuredmedia":[{"embeddable":true,"href":"https:\/\/medcitysmokeshop.com\/index.php?rest_route=\/wp\/v2\/media\/416"}],"wp:attachment":[{"href":"https:\/\/medcitysmokeshop.com\/index.php?rest_route=%2Fwp%2Fv2%2Fmedia&parent=415"}],"wp:term":[{"taxonomy":"product_brand","embeddable":true,"href":"https:\/\/medcitysmokeshop.com\/index.php?rest_route=%2Fwp%2Fv2%2Fproduct_brand&post=415"},{"taxonomy":"product_cat","embeddable":true,"href":"https:\/\/medcitysmokeshop.com\/index.php?rest_route=%2Fwp%2Fv2%2Fproduct_cat&post=415"},{"taxonomy":"product_tag","embeddable":true,"href":"https:\/\/medcitysmokeshop.com\/index.php?rest_route=%2Fwp%2Fv2%2Fproduct_tag&post=415"}],"curies":[{"name":"wp","href":"https:\/\/api.w.org\/{rel}","templated":true}]}}