{"id":417,"date":"2023-10-20T15:19:09","date_gmt":"2023-10-20T20:19:09","guid":{"rendered":"https:\/\/medcitysmokeshop.com\/?post_type=product&#038;p=417"},"modified":"2025-06-11T06:09:22","modified_gmt":"2025-06-11T11:09:22","slug":"raw-slow-burn-papers1-1-4-8000","status":"publish","type":"product","link":"https:\/\/medcitysmokeshop.com\/?product=raw-slow-burn-papers1-1-4-8000","title":{"rendered":"RAW Slow Burn Papers1 1\/4"},"content":{"rendered":"","protected":false},"excerpt":{"rendered":"<p>Lanzados en 2017, los papeles de fumar\u00a0<a title=\"Negro CRUDO\" href=\"https:\/\/1percent.com\/roll-your-own?RAW%20Paper%20Family=RAW%20Black\">RAW Black<\/a>\u00a0redefinieron la perfecci\u00f3n.\u00a0RAW Black tiene doble prensado extrafino para obtener uno de los papeles de liar sin blanquear m\u00e1s finos que jam\u00e1s haya salido de Espa\u00f1a.\u00a0Este papel artesanal \u00fanico se produce cuando los vientos secos valencianos hacen que la humedad sea \u00f3ptimamente baja.<\/p>\n","protected":false},"featured_media":418,"template":"","meta":{"nf_dc_page":"","om_disable_all_campaigns":false,"_exactmetrics_skip_tracking":false,"_exactmetrics_sitenote_active":false,"_exactmetrics_sitenote_note":"","_exactmetrics_sitenote_category":0,"_uf_show_specific_survey":0,"_uf_disable_surveys":false},"product_brand":[],"product_cat":[22],"product_tag":[28],"class_list":{"0":"post-417","1":"product","2":"type-product","3":"status-publish","4":"has-post-thumbnail","6":"product_cat-papeles","7":"product_tag-raw","9":"first","10":"instock","11":"taxable","12":"shipping-taxable","13":"product-type-simple"},"aioseo_notices":[],"jetpack_sharing_enabled":true,"_links":{"self":[{"href":"https:\/\/medcitysmokeshop.com\/index.php?rest_route=\/wp\/v2\/product\/417","targetHints":{"allow":["GET"]}}],"collection":[{"href":"https:\/\/medcitysmokeshop.com\/index.php?rest_route=\/wp\/v2\/product"}],"about":[{"href":"https:\/\/medcitysmokeshop.com\/index.php?rest_route=\/wp\/v2\/types\/product"}],"wp:featuredmedia":[{"embeddable":true,"href":"https:\/\/medcitysmokeshop.com\/index.php?rest_route=\/wp\/v2\/media\/418"}],"wp:attachment":[{"href":"https:\/\/medcitysmokeshop.com\/index.php?rest_route=%2Fwp%2Fv2%2Fmedia&parent=417"}],"wp:term":[{"taxonomy":"product_brand","embeddable":true,"href":"https:\/\/medcitysmokeshop.com\/index.php?rest_route=%2Fwp%2Fv2%2Fproduct_brand&post=417"},{"taxonomy":"product_cat","embeddable":true,"href":"https:\/\/medcitysmokeshop.com\/index.php?rest_route=%2Fwp%2Fv2%2Fproduct_cat&post=417"},{"taxonomy":"product_tag","embeddable":true,"href":"https:\/\/medcitysmokeshop.com\/index.php?rest_route=%2Fwp%2Fv2%2Fproduct_tag&post=417"}],"curies":[{"name":"wp","href":"https:\/\/api.w.org\/{rel}","templated":true}]}}