{"id":419,"date":"2023-10-20T15:23:31","date_gmt":"2023-10-20T20:23:31","guid":{"rendered":"https:\/\/medcitysmokeshop.com\/?post_type=product&#038;p=419"},"modified":"2025-06-11T06:09:08","modified_gmt":"2025-06-11T11:09:08","slug":"smellproof-bags-5000","status":"publish","type":"product","link":"https:\/\/medcitysmokeshop.com\/?product=smellproof-bags-5000","title":{"rendered":"Smellproof bags"},"content":{"rendered":"","protected":false},"excerpt":{"rendered":"<p>nuestras bolsas resellables tienen resistencia al desgarro y durabilidad. Material de 100 % grado alimenticio, cumple con la FDA (Administraci\u00f3n de Alimentos y Medicamentos) y el USDA (Departamento de Agricultura de los Estados Unidos), es no t\u00f3xico e ins\u00edpido, y se puede utilizar directamente en el embalaje de alimentos.<\/p>\n<p>Nuestras bolsas a prueba de olores son reciclables, ya que puedes abrir la tira herm\u00e9tica reiteradas veces, la tira de sellado est\u00e1 muy ajustada y no se romper\u00e1. Recomendaci\u00f3n de uso: Agarra ambos lados de la apertura de la bolsa con el pulgar y el dedo \u00edndice, y abre la bolsa con ambas manos. Los pulgares est\u00e1n cerca de la tira herm\u00e9tica y ambas manos la abren con firmeza.<\/p>\n","protected":false},"featured_media":420,"template":"","meta":{"nf_dc_page":"","om_disable_all_campaigns":false,"_exactmetrics_skip_tracking":false,"_exactmetrics_sitenote_active":false,"_exactmetrics_sitenote_note":"","_exactmetrics_sitenote_category":0,"_uf_show_specific_survey":0,"_uf_disable_surveys":false},"product_brand":[],"product_cat":[16,83],"product_tag":[],"class_list":{"0":"post-419","1":"product","2":"type-product","3":"status-publish","4":"has-post-thumbnail","6":"product_cat-accessories","7":"product_cat-smellproof-bags","9":"first","10":"instock","11":"taxable","12":"shipping-taxable","13":"product-type-simple"},"aioseo_notices":[],"jetpack_sharing_enabled":true,"_links":{"self":[{"href":"https:\/\/medcitysmokeshop.com\/index.php?rest_route=\/wp\/v2\/product\/419","targetHints":{"allow":["GET"]}}],"collection":[{"href":"https:\/\/medcitysmokeshop.com\/index.php?rest_route=\/wp\/v2\/product"}],"about":[{"href":"https:\/\/medcitysmokeshop.com\/index.php?rest_route=\/wp\/v2\/types\/product"}],"wp:featuredmedia":[{"embeddable":true,"href":"https:\/\/medcitysmokeshop.com\/index.php?rest_route=\/wp\/v2\/media\/420"}],"wp:attachment":[{"href":"https:\/\/medcitysmokeshop.com\/index.php?rest_route=%2Fwp%2Fv2%2Fmedia&parent=419"}],"wp:term":[{"taxonomy":"product_brand","embeddable":true,"href":"https:\/\/medcitysmokeshop.com\/index.php?rest_route=%2Fwp%2Fv2%2Fproduct_brand&post=419"},{"taxonomy":"product_cat","embeddable":true,"href":"https:\/\/medcitysmokeshop.com\/index.php?rest_route=%2Fwp%2Fv2%2Fproduct_cat&post=419"},{"taxonomy":"product_tag","embeddable":true,"href":"https:\/\/medcitysmokeshop.com\/index.php?rest_route=%2Fwp%2Fv2%2Fproduct_tag&post=419"}],"curies":[{"name":"wp","href":"https:\/\/api.w.org\/{rel}","templated":true}]}}