{"id":448,"date":"2023-10-21T08:00:08","date_gmt":"2023-10-21T13:00:08","guid":{"rendered":"https:\/\/medcitysmokeshop.com\/?post_type=product&#038;p=448"},"modified":"2025-06-11T05:53:39","modified_gmt":"2025-06-11T10:53:39","slug":"xmax-daboo-vaporizer-360-000","status":"publish","type":"product","link":"https:\/\/medcitysmokeshop.com\/?product=xmax-daboo-vaporizer-360-000","title":{"rendered":"XMAX Daboo Vaporizer"},"content":{"rendered":"","protected":false},"excerpt":{"rendered":"<div>El Xmax Daboo es un colector de n\u00e9ctar el\u00e9ctrico compatible con rosca 510.\u00a0El kit ofrece una nueva forma de dabbing junto, con un dise\u00f1o innovador que est\u00e1 construido con un burbujeador de vidrio extra\u00edble para obtener un sabor m\u00e1s puro y suave.\u00a0Adem\u00e1s de ofrecer un dise\u00f1o compacto, el Daboo tambi\u00e9n cuenta con excelentes funcionalidades, como calentamiento r\u00e1pido, extracci\u00f3n activa, sesi\u00f3n bajo demanda, tres configuraciones de temperatura y una bater\u00eda incorporada de 650 mAh con\u00a0 puerto de carga USB tipo C.<\/div>\n<div><\/div>\n<div><\/div>\n<h2>Caracter\u00edsticas:<\/h2>\n<ul>\n<li>2 en 1: Dip\/510 y CBD<\/li>\n<li>Calentamiento r\u00e1pido<\/li>\n<li>Elemento calefactor de cuarzo<\/li>\n<li>Modo de sorteo activado de 10 segundos<\/li>\n<li>Modo bajo demanda de 20 segundos<\/li>\n<li>3 configuraciones de voltaje (285 \u2103\/545 \u2109, 320 \u2103\/608 \u2109, 360 \u2103\/680 \u2109)<\/li>\n<li>Bater\u00eda incorporada de 650 mAh<\/li>\n<li>Indicador de encendido (verde, blanco, rojo)<\/li>\n<li>Carga USB tipo C<\/li>\n<li>Dimensiones: 166,5 x 38,5 x 22 mm<\/li>\n<\/ul>\n","protected":false},"featured_media":449,"template":"","meta":{"nf_dc_page":"","om_disable_all_campaigns":false,"_exactmetrics_skip_tracking":false,"_exactmetrics_sitenote_active":false,"_exactmetrics_sitenote_note":"","_exactmetrics_sitenote_category":0,"_uf_show_specific_survey":0,"_uf_disable_surveys":false},"product_brand":[],"product_cat":[70],"product_tag":[87],"class_list":{"0":"post-448","1":"product","2":"type-product","3":"status-publish","4":"has-post-thumbnail","6":"product_cat-vaporizadores-concentrados","7":"product_tag-xmax","9":"first","10":"instock","11":"taxable","12":"shipping-taxable","13":"product-type-simple"},"aioseo_notices":[],"jetpack_sharing_enabled":true,"_links":{"self":[{"href":"https:\/\/medcitysmokeshop.com\/index.php?rest_route=\/wp\/v2\/product\/448","targetHints":{"allow":["GET"]}}],"collection":[{"href":"https:\/\/medcitysmokeshop.com\/index.php?rest_route=\/wp\/v2\/product"}],"about":[{"href":"https:\/\/medcitysmokeshop.com\/index.php?rest_route=\/wp\/v2\/types\/product"}],"wp:featuredmedia":[{"embeddable":true,"href":"https:\/\/medcitysmokeshop.com\/index.php?rest_route=\/wp\/v2\/media\/449"}],"wp:attachment":[{"href":"https:\/\/medcitysmokeshop.com\/index.php?rest_route=%2Fwp%2Fv2%2Fmedia&parent=448"}],"wp:term":[{"taxonomy":"product_brand","embeddable":true,"href":"https:\/\/medcitysmokeshop.com\/index.php?rest_route=%2Fwp%2Fv2%2Fproduct_brand&post=448"},{"taxonomy":"product_cat","embeddable":true,"href":"https:\/\/medcitysmokeshop.com\/index.php?rest_route=%2Fwp%2Fv2%2Fproduct_cat&post=448"},{"taxonomy":"product_tag","embeddable":true,"href":"https:\/\/medcitysmokeshop.com\/index.php?rest_route=%2Fwp%2Fv2%2Fproduct_tag&post=448"}],"curies":[{"name":"wp","href":"https:\/\/api.w.org\/{rel}","templated":true}]}}