{"id":450,"date":"2023-10-21T08:07:24","date_gmt":"2023-10-21T13:07:24","guid":{"rendered":"https:\/\/medcitysmokeshop.com\/?post_type=product&#038;p=450"},"modified":"2025-06-10T18:38:19","modified_gmt":"2025-06-10T23:38:19","slug":"airis-dabble-vaporizer-170-000","status":"publish","type":"product","link":"https:\/\/medcitysmokeshop.com\/?product=airis-dabble-vaporizer-170-000","title":{"rendered":"Airis Dabble Vaporizer"},"content":{"rendered":"","protected":false},"excerpt":{"rendered":"<p id=\"tw-target-text\" class=\"tw-data-text tw-text-large XcVN5d tw-ta\" dir=\"ltr\" data-placeholder=\"Traducci\u00f3n\"><span lang=\"es\">El nuevo vaporizador de dab doble uso de Vaporizador Airistech Airis Dabble De Extractos\u00a0\/ compatible con bong de vidrio, dispone de un\u00a0 modo de calentamiento autom\u00e1tico de manos libres.<\/span><\/p>\n<p class=\"tw-data-text tw-text-large XcVN5d tw-ta\" dir=\"ltr\" data-placeholder=\"Traducci\u00f3n\"><span lang=\"es\">Vaporizador Airistech Airis Dabble De Extractos es para usar con materiales espesos como concentrados o aceites densos, su quemador de cuarzo le ofrecer\u00e1 un sabor rico y puro a sus materiales. Dispone de una\u00a0 bater\u00eda de 900 mAh y voltajes variables, as\u00ed mismo, tiene funci\u00f3n de precalentamiento el cual es \u00fatil para tener su material ya listo y comenzar a vapear.<\/span><\/p>\n<p dir=\"ltr\" data-placeholder=\"Traducci\u00f3n\"><span lang=\"es\">Sabor puro garantizado con el quemador de cuarzo m\u00e1s nuevo, v<\/span>oltaje variable, el dabble tiene la capacidad de calentar el material que utilice usando tres opciones de voltaje diferentes. Pruebe los tres para descubrir qu\u00e9 configuraci\u00f3n es la mejor para usted.<\/p>\n","protected":false},"featured_media":451,"template":"","meta":{"nf_dc_page":"","om_disable_all_campaigns":false,"_exactmetrics_skip_tracking":false,"_exactmetrics_sitenote_active":false,"_exactmetrics_sitenote_note":"","_exactmetrics_sitenote_category":0,"_uf_show_specific_survey":0,"_uf_disable_surveys":false},"product_brand":[],"product_cat":[70],"product_tag":[],"class_list":{"0":"post-450","1":"product","2":"type-product","3":"status-publish","4":"has-post-thumbnail","6":"product_cat-vaporizadores-concentrados","8":"first","9":"instock","10":"taxable","11":"shipping-taxable","12":"product-type-simple"},"aioseo_notices":[],"jetpack_sharing_enabled":true,"_links":{"self":[{"href":"https:\/\/medcitysmokeshop.com\/index.php?rest_route=\/wp\/v2\/product\/450","targetHints":{"allow":["GET"]}}],"collection":[{"href":"https:\/\/medcitysmokeshop.com\/index.php?rest_route=\/wp\/v2\/product"}],"about":[{"href":"https:\/\/medcitysmokeshop.com\/index.php?rest_route=\/wp\/v2\/types\/product"}],"wp:featuredmedia":[{"embeddable":true,"href":"https:\/\/medcitysmokeshop.com\/index.php?rest_route=\/wp\/v2\/media\/451"}],"wp:attachment":[{"href":"https:\/\/medcitysmokeshop.com\/index.php?rest_route=%2Fwp%2Fv2%2Fmedia&parent=450"}],"wp:term":[{"taxonomy":"product_brand","embeddable":true,"href":"https:\/\/medcitysmokeshop.com\/index.php?rest_route=%2Fwp%2Fv2%2Fproduct_brand&post=450"},{"taxonomy":"product_cat","embeddable":true,"href":"https:\/\/medcitysmokeshop.com\/index.php?rest_route=%2Fwp%2Fv2%2Fproduct_cat&post=450"},{"taxonomy":"product_tag","embeddable":true,"href":"https:\/\/medcitysmokeshop.com\/index.php?rest_route=%2Fwp%2Fv2%2Fproduct_tag&post=450"}],"curies":[{"name":"wp","href":"https:\/\/api.w.org\/{rel}","templated":true}]}}