{"id":452,"date":"2023-10-24T13:15:34","date_gmt":"2023-10-24T18:15:34","guid":{"rendered":"https:\/\/medcitysmokeshop.com\/?post_type=product&#038;p=452"},"modified":"2025-06-10T18:38:02","modified_gmt":"2025-06-10T23:38:02","slug":"xmax-fog-pro-vaporizer-700000","status":"publish","type":"product","link":"https:\/\/medcitysmokeshop.com\/?product=xmax-fog-pro-vaporizer-700000","title":{"rendered":"XMAX FOG PRO VAPORIZER"},"content":{"rendered":"","protected":false},"excerpt":{"rendered":"<p>Un vaporizador para el verdadero aficionado, el XVAPE FOG PRO es un vaporizador 100% de convecci\u00f3n que cabe en la palma de tu mano. The Fog es la \u00fanica opci\u00f3n para aquellos con los gustos m\u00e1s exigentes. Desde su elegante caja de aluminio anodizado negro, hasta su boquilla de Zirconia de calidad joya, la tecnolog\u00eda de convecci\u00f3n de vanguardia y su bater\u00eda extra\u00edble, cada parte del XVAPE FOG PRO fue dise\u00f1ada para ser la m\u00e1xima representaci\u00f3n de la perfecci\u00f3n en el vapeo.<\/p>\n<p>El sabor que proporciona el vaporizador de convecci\u00f3n FOG PRO es una delicia gourmet que debe experimentarse para creerse. La c\u00e1mara de convecci\u00f3n de vanguardia proporciona un tiempo de calentamiento casi instant\u00e1neo que evita el contacto directo entre la fuente de calor y los productos bot\u00e1nicos secos. El XVAPE FOG PRO promete ser el vaporizador de convecci\u00f3n disponible m\u00e1s buscado.<\/p>\n","protected":false},"featured_media":453,"template":"","meta":{"nf_dc_page":"","om_disable_all_campaigns":false,"_exactmetrics_skip_tracking":false,"_exactmetrics_sitenote_active":false,"_exactmetrics_sitenote_note":"","_exactmetrics_sitenote_category":0,"_uf_show_specific_survey":0,"_uf_disable_surveys":false},"product_brand":[],"product_cat":[88],"product_tag":[],"class_list":{"0":"post-452","1":"product","2":"type-product","3":"status-publish","4":"has-post-thumbnail","6":"product_cat-vaporizador-herbal","8":"first","9":"instock","10":"taxable","11":"shipping-taxable","12":"product-type-simple"},"aioseo_notices":[],"jetpack_sharing_enabled":true,"_links":{"self":[{"href":"https:\/\/medcitysmokeshop.com\/index.php?rest_route=\/wp\/v2\/product\/452","targetHints":{"allow":["GET"]}}],"collection":[{"href":"https:\/\/medcitysmokeshop.com\/index.php?rest_route=\/wp\/v2\/product"}],"about":[{"href":"https:\/\/medcitysmokeshop.com\/index.php?rest_route=\/wp\/v2\/types\/product"}],"wp:featuredmedia":[{"embeddable":true,"href":"https:\/\/medcitysmokeshop.com\/index.php?rest_route=\/wp\/v2\/media\/453"}],"wp:attachment":[{"href":"https:\/\/medcitysmokeshop.com\/index.php?rest_route=%2Fwp%2Fv2%2Fmedia&parent=452"}],"wp:term":[{"taxonomy":"product_brand","embeddable":true,"href":"https:\/\/medcitysmokeshop.com\/index.php?rest_route=%2Fwp%2Fv2%2Fproduct_brand&post=452"},{"taxonomy":"product_cat","embeddable":true,"href":"https:\/\/medcitysmokeshop.com\/index.php?rest_route=%2Fwp%2Fv2%2Fproduct_cat&post=452"},{"taxonomy":"product_tag","embeddable":true,"href":"https:\/\/medcitysmokeshop.com\/index.php?rest_route=%2Fwp%2Fv2%2Fproduct_tag&post=452"}],"curies":[{"name":"wp","href":"https:\/\/api.w.org\/{rel}","templated":true}]}}