{"id":454,"date":"2023-10-24T13:43:33","date_gmt":"2023-10-24T18:43:33","guid":{"rendered":"https:\/\/medcitysmokeshop.com\/?post_type=product&#038;p=454"},"modified":"2025-06-10T18:37:45","modified_gmt":"2025-06-10T23:37:45","slug":"yocan-hit-vaporizer-280000","status":"publish","type":"product","link":"https:\/\/medcitysmokeshop.com\/?product=yocan-hit-vaporizer-280000","title":{"rendered":"YOCAN HIT VAPORIZER"},"content":{"rendered":"","protected":false},"excerpt":{"rendered":"<p>El Vaporizador Yocan HIT es un vaporizador port\u00e1til de hierbas secas, equipado con una c\u00e1mara de calefacci\u00f3n de cer\u00e1mica de alta calidad, pantalla OLED que le notifica el estado del equipo y un moderno sistema de vibraci\u00f3n que te avisar\u00e1 alg\u00fan cambio cuando no est\u00e9s viendo la pantalla.<\/p>\n<p>Cuenta adem\u00e1s con dos modos de calefacci\u00f3n: un modo de calefacci\u00f3n funciona un ciclo durante tres minutos mientras que el otro funciona un ciclo durante cinco minutos, cada uno con un efecto distinto.<\/p>\n","protected":false},"featured_media":455,"template":"","meta":{"nf_dc_page":"","om_disable_all_campaigns":false,"_exactmetrics_skip_tracking":false,"_exactmetrics_sitenote_active":false,"_exactmetrics_sitenote_note":"","_exactmetrics_sitenote_category":0,"_uf_show_specific_survey":0,"_uf_disable_surveys":false},"product_brand":[],"product_cat":[88],"product_tag":[89],"class_list":{"0":"post-454","1":"product","2":"type-product","3":"status-publish","4":"has-post-thumbnail","6":"product_cat-vaporizador-herbal","7":"product_tag-yocan","9":"first","10":"instock","11":"taxable","12":"shipping-taxable","13":"product-type-simple"},"aioseo_notices":[],"jetpack_sharing_enabled":true,"_links":{"self":[{"href":"https:\/\/medcitysmokeshop.com\/index.php?rest_route=\/wp\/v2\/product\/454","targetHints":{"allow":["GET"]}}],"collection":[{"href":"https:\/\/medcitysmokeshop.com\/index.php?rest_route=\/wp\/v2\/product"}],"about":[{"href":"https:\/\/medcitysmokeshop.com\/index.php?rest_route=\/wp\/v2\/types\/product"}],"wp:featuredmedia":[{"embeddable":true,"href":"https:\/\/medcitysmokeshop.com\/index.php?rest_route=\/wp\/v2\/media\/455"}],"wp:attachment":[{"href":"https:\/\/medcitysmokeshop.com\/index.php?rest_route=%2Fwp%2Fv2%2Fmedia&parent=454"}],"wp:term":[{"taxonomy":"product_brand","embeddable":true,"href":"https:\/\/medcitysmokeshop.com\/index.php?rest_route=%2Fwp%2Fv2%2Fproduct_brand&post=454"},{"taxonomy":"product_cat","embeddable":true,"href":"https:\/\/medcitysmokeshop.com\/index.php?rest_route=%2Fwp%2Fv2%2Fproduct_cat&post=454"},{"taxonomy":"product_tag","embeddable":true,"href":"https:\/\/medcitysmokeshop.com\/index.php?rest_route=%2Fwp%2Fv2%2Fproduct_tag&post=454"}],"curies":[{"name":"wp","href":"https:\/\/api.w.org\/{rel}","templated":true}]}}