{"id":456,"date":"2023-10-24T13:55:18","date_gmt":"2023-10-24T18:55:18","guid":{"rendered":"https:\/\/medcitysmokeshop.com\/?post_type=product&#038;p=456"},"modified":"2025-06-10T18:37:27","modified_gmt":"2025-06-10T23:37:27","slug":"yocan-x-vaporizer-150-000","status":"publish","type":"product","link":"https:\/\/medcitysmokeshop.com\/?product=yocan-x-vaporizer-150-000","title":{"rendered":"YOCAN X VAPORIZER"},"content":{"rendered":"","protected":false},"excerpt":{"rendered":"<p>El vaporizador Yocan X es un dispositivo portable que permite la vaporizaci\u00f3n de concentrados como ceras o resina (wax o rosin) en pods de cer\u00e1mica y cuarzo.<\/p>\n<p>El vaporizador para concentrados Yocan X hace mucho m\u00e1s f\u00e1cil vaporizar concentrados gracias a su pr\u00e1ctico sistema POD, en el que simplemente debes poner tus extracciones y solo debes asegurar de que los disfrutes al m\u00e1ximo. Estos PODS son completamente sellados y herm\u00e9ticos, por lo que no tendr\u00e1s accidentes de derrames de concentrado o temperaturas elevadas en su boquilla. Tambi\u00e9n te permitir\u00e1 disfrutar el mejor sabor de tus concentrados gracias a su bobina interna de cuarzo y cer\u00e1mica de grado medicinal.<\/p>\n","protected":false},"featured_media":457,"template":"","meta":{"nf_dc_page":"","om_disable_all_campaigns":false,"_exactmetrics_skip_tracking":false,"_exactmetrics_sitenote_active":false,"_exactmetrics_sitenote_note":"","_exactmetrics_sitenote_category":0,"_uf_show_specific_survey":0,"_uf_disable_surveys":false},"product_brand":[],"product_cat":[88,70],"product_tag":[],"class_list":{"0":"post-456","1":"product","2":"type-product","3":"status-publish","4":"has-post-thumbnail","6":"product_cat-vaporizador-herbal","7":"product_cat-vaporizadores-concentrados","9":"first","10":"instock","11":"taxable","12":"shipping-taxable","13":"product-type-simple"},"aioseo_notices":[],"jetpack_sharing_enabled":true,"_links":{"self":[{"href":"https:\/\/medcitysmokeshop.com\/index.php?rest_route=\/wp\/v2\/product\/456","targetHints":{"allow":["GET"]}}],"collection":[{"href":"https:\/\/medcitysmokeshop.com\/index.php?rest_route=\/wp\/v2\/product"}],"about":[{"href":"https:\/\/medcitysmokeshop.com\/index.php?rest_route=\/wp\/v2\/types\/product"}],"wp:featuredmedia":[{"embeddable":true,"href":"https:\/\/medcitysmokeshop.com\/index.php?rest_route=\/wp\/v2\/media\/457"}],"wp:attachment":[{"href":"https:\/\/medcitysmokeshop.com\/index.php?rest_route=%2Fwp%2Fv2%2Fmedia&parent=456"}],"wp:term":[{"taxonomy":"product_brand","embeddable":true,"href":"https:\/\/medcitysmokeshop.com\/index.php?rest_route=%2Fwp%2Fv2%2Fproduct_brand&post=456"},{"taxonomy":"product_cat","embeddable":true,"href":"https:\/\/medcitysmokeshop.com\/index.php?rest_route=%2Fwp%2Fv2%2Fproduct_cat&post=456"},{"taxonomy":"product_tag","embeddable":true,"href":"https:\/\/medcitysmokeshop.com\/index.php?rest_route=%2Fwp%2Fv2%2Fproduct_tag&post=456"}],"curies":[{"name":"wp","href":"https:\/\/api.w.org\/{rel}","templated":true}]}}