{"id":458,"date":"2023-10-24T14:01:36","date_gmt":"2023-10-24T19:01:36","guid":{"rendered":"https:\/\/medcitysmokeshop.com\/?post_type=product&#038;p=458"},"modified":"2025-06-10T18:37:10","modified_gmt":"2025-06-10T23:37:10","slug":"roffu-lux-vaporizer-900000","status":"publish","type":"product","link":"https:\/\/medcitysmokeshop.com\/?product=roffu-lux-vaporizer-900000","title":{"rendered":"ROFFU LUX VAPORIZER"},"content":{"rendered":"","protected":false},"excerpt":{"rendered":"<p>Si eres un amante de la flor y un autoproclamado cazador de sabores, apreciar\u00e1s el vaporizador de hierbas secas Roffu Smart de la serie XLux de XVAPE. Este vaporizador port\u00e1til fue dise\u00f1ado para resaltar los intrincados sabores de las hierbas secas y lo hace muy bien.<\/p>\n<p>El XLux Roffu funciona con una bater\u00eda de 3200 mAh y utiliza tecnolog\u00eda de calentamiento por convecci\u00f3n de vanguardia para calentar uniformemente todas las hierbas que coloca en la c\u00e1mara sin chamuscar ning\u00fan material ni desperdiciar calor. El vapor viaja a trav\u00e9s de una espiral de circonio que lo enfr\u00eda antes de inhalarlo para obtener las caladas m\u00e1s sabrosas y placenteras.<\/p>\n","protected":false},"featured_media":459,"template":"","meta":{"nf_dc_page":"","om_disable_all_campaigns":false,"_exactmetrics_skip_tracking":false,"_exactmetrics_sitenote_active":false,"_exactmetrics_sitenote_note":"","_exactmetrics_sitenote_category":0,"_uf_show_specific_survey":0,"_uf_disable_surveys":false},"product_brand":[],"product_cat":[88],"product_tag":[],"class_list":{"0":"post-458","1":"product","2":"type-product","3":"status-publish","4":"has-post-thumbnail","6":"product_cat-vaporizador-herbal","8":"first","9":"instock","10":"taxable","11":"shipping-taxable","12":"product-type-simple"},"aioseo_notices":[],"jetpack_sharing_enabled":true,"_links":{"self":[{"href":"https:\/\/medcitysmokeshop.com\/index.php?rest_route=\/wp\/v2\/product\/458","targetHints":{"allow":["GET"]}}],"collection":[{"href":"https:\/\/medcitysmokeshop.com\/index.php?rest_route=\/wp\/v2\/product"}],"about":[{"href":"https:\/\/medcitysmokeshop.com\/index.php?rest_route=\/wp\/v2\/types\/product"}],"wp:featuredmedia":[{"embeddable":true,"href":"https:\/\/medcitysmokeshop.com\/index.php?rest_route=\/wp\/v2\/media\/459"}],"wp:attachment":[{"href":"https:\/\/medcitysmokeshop.com\/index.php?rest_route=%2Fwp%2Fv2%2Fmedia&parent=458"}],"wp:term":[{"taxonomy":"product_brand","embeddable":true,"href":"https:\/\/medcitysmokeshop.com\/index.php?rest_route=%2Fwp%2Fv2%2Fproduct_brand&post=458"},{"taxonomy":"product_cat","embeddable":true,"href":"https:\/\/medcitysmokeshop.com\/index.php?rest_route=%2Fwp%2Fv2%2Fproduct_cat&post=458"},{"taxonomy":"product_tag","embeddable":true,"href":"https:\/\/medcitysmokeshop.com\/index.php?rest_route=%2Fwp%2Fv2%2Fproduct_tag&post=458"}],"curies":[{"name":"wp","href":"https:\/\/api.w.org\/{rel}","templated":true}]}}