{"id":50,"date":"2023-01-09T17:20:45","date_gmt":"2023-01-09T22:20:45","guid":{"rendered":"http:\/\/medcitysmokeshop.com\/?p=50"},"modified":"2025-06-12T12:06:49","modified_gmt":"2025-06-12T17:06:49","slug":"beanie","status":"publish","type":"product","link":"https:\/\/medcitysmokeshop.com\/?product=beanie","title":{"rendered":"High Hemp Wraps Dutch Cream"},"content":{"rendered":"<p>\u00a1Las envolturas org\u00e1nicas de Dutch Cream High Hemp son las primeras de su tipo! Con un suave y sutil aroma a vainilla. Usando solo sabor a vainilla natural, te sentir\u00e1s como si estuvieras despertando en \u00c1msterdam. Enrolle una delicia dulce esta primavera con la crema holandesa de alto c\u00e1\u00f1amo.<\/p>\n","protected":false},"excerpt":{"rendered":"<p>\u00a1Las envolturas org\u00e1nicas de Dutch Cream High Hemp son las primeras de su tipo! Con un suave y sutil aroma a vainilla. Usando solo sabor a vainilla natural, te sentir\u00e1s como si estuvieras despertando en \u00c1msterdam. Enrolle una delicia dulce esta primavera con la crema holandesa de alto c\u00e1\u00f1amo.<\/p>\n","protected":false},"featured_media":149,"template":"","meta":{"nf_dc_page":"","om_disable_all_campaigns":false,"_exactmetrics_skip_tracking":false,"_exactmetrics_sitenote_active":false,"_exactmetrics_sitenote_note":"","_exactmetrics_sitenote_category":0,"_uf_show_specific_survey":0,"_uf_disable_surveys":false},"product_brand":[],"product_cat":[22],"product_tag":[24,44,26,23],"class_list":{"0":"post-50","1":"product","2":"type-product","3":"status-publish","4":"has-post-thumbnail","6":"product_cat-papeles","7":"product_tag-cueros","8":"product_tag-high-hemp","9":"product_tag-papel-de-liar","10":"product_tag-papeles","12":"first","13":"instock","14":"taxable","15":"shipping-taxable","16":"purchasable","17":"product-type-simple"},"aioseo_notices":[],"jetpack_sharing_enabled":true,"_links":{"self":[{"href":"https:\/\/medcitysmokeshop.com\/index.php?rest_route=\/wp\/v2\/product\/50","targetHints":{"allow":["GET"]}}],"collection":[{"href":"https:\/\/medcitysmokeshop.com\/index.php?rest_route=\/wp\/v2\/product"}],"about":[{"href":"https:\/\/medcitysmokeshop.com\/index.php?rest_route=\/wp\/v2\/types\/product"}],"wp:featuredmedia":[{"embeddable":true,"href":"https:\/\/medcitysmokeshop.com\/index.php?rest_route=\/wp\/v2\/media\/149"}],"wp:attachment":[{"href":"https:\/\/medcitysmokeshop.com\/index.php?rest_route=%2Fwp%2Fv2%2Fmedia&parent=50"}],"wp:term":[{"taxonomy":"product_brand","embeddable":true,"href":"https:\/\/medcitysmokeshop.com\/index.php?rest_route=%2Fwp%2Fv2%2Fproduct_brand&post=50"},{"taxonomy":"product_cat","embeddable":true,"href":"https:\/\/medcitysmokeshop.com\/index.php?rest_route=%2Fwp%2Fv2%2Fproduct_cat&post=50"},{"taxonomy":"product_tag","embeddable":true,"href":"https:\/\/medcitysmokeshop.com\/index.php?rest_route=%2Fwp%2Fv2%2Fproduct_tag&post=50"}],"curies":[{"name":"wp","href":"https:\/\/api.w.org\/{rel}","templated":true}]}}