{"id":54,"date":"2023-01-09T17:20:46","date_gmt":"2023-01-09T22:20:46","guid":{"rendered":"http:\/\/medcitysmokeshop.com\/?p=54"},"modified":"2025-06-12T12:06:09","modified_gmt":"2025-06-12T17:06:09","slug":"hoodie-with-logo","status":"publish","type":"product","link":"https:\/\/medcitysmokeshop.com\/?product=hoodie-with-logo","title":{"rendered":"Backwoods Cigarros de Tabaco Banana (5 Pack)"},"content":{"rendered":"<p>Experimente el sabor \u00fanico y totalmente natural de los puros Backwoods Banana. Estos cigarros r\u00fasticos est\u00e1n infundidos con la esencia de pl\u00e1tanos dulces, proporcionando un sabor y aroma rico, suave y dulce. Hechos con tabacos dominicanos de primera calidad, los cigarros Backwoods son conocidos por su calidad de primera. El sabor Banana de edici\u00f3n limitada es especialmente buscado, as\u00ed que hazte con una caja mientras puedas. Cada caja viene con ocho bolsas de aluminio selladas, cada una con cinco cigarros. Disfrute del raro e indulgente sabor de los puros Backwoods Banana.<\/p>\n","protected":false},"excerpt":{"rendered":"<p>Experimente el sabor \u00fanico y totalmente natural de los puros Backwoods Banana. Estos cigarros r\u00fasticos est\u00e1n infundidos con la esencia de pl\u00e1tanos dulces, proporcionando un sabor y aroma rico, suave y dulce. Hechos con tabacos dominicanos de primera calidad, los cigarros Backwoods son conocidos por su calidad de primera. El sabor Banana de edici\u00f3n limitada [&hellip;]<\/p>\n","protected":false},"featured_media":140,"template":"","meta":{"nf_dc_page":"","om_disable_all_campaigns":false,"_exactmetrics_skip_tracking":false,"_exactmetrics_sitenote_active":false,"_exactmetrics_sitenote_note":"","_exactmetrics_sitenote_category":0,"_uf_show_specific_survey":0,"_uf_disable_surveys":false},"product_brand":[],"product_cat":[31],"product_tag":[40,32,25],"class_list":{"0":"post-54","1":"product","2":"type-product","3":"status-publish","4":"has-post-thumbnail","6":"product_cat-cigarros","7":"product_tag-backwoods","8":"product_tag-cigarros","9":"product_tag-tabaco","11":"first","12":"instock","13":"taxable","14":"shipping-taxable","15":"purchasable","16":"product-type-simple"},"aioseo_notices":[],"jetpack_sharing_enabled":true,"_links":{"self":[{"href":"https:\/\/medcitysmokeshop.com\/index.php?rest_route=\/wp\/v2\/product\/54","targetHints":{"allow":["GET"]}}],"collection":[{"href":"https:\/\/medcitysmokeshop.com\/index.php?rest_route=\/wp\/v2\/product"}],"about":[{"href":"https:\/\/medcitysmokeshop.com\/index.php?rest_route=\/wp\/v2\/types\/product"}],"wp:featuredmedia":[{"embeddable":true,"href":"https:\/\/medcitysmokeshop.com\/index.php?rest_route=\/wp\/v2\/media\/140"}],"wp:attachment":[{"href":"https:\/\/medcitysmokeshop.com\/index.php?rest_route=%2Fwp%2Fv2%2Fmedia&parent=54"}],"wp:term":[{"taxonomy":"product_brand","embeddable":true,"href":"https:\/\/medcitysmokeshop.com\/index.php?rest_route=%2Fwp%2Fv2%2Fproduct_brand&post=54"},{"taxonomy":"product_cat","embeddable":true,"href":"https:\/\/medcitysmokeshop.com\/index.php?rest_route=%2Fwp%2Fv2%2Fproduct_cat&post=54"},{"taxonomy":"product_tag","embeddable":true,"href":"https:\/\/medcitysmokeshop.com\/index.php?rest_route=%2Fwp%2Fv2%2Fproduct_tag&post=54"}],"curies":[{"name":"wp","href":"https:\/\/api.w.org\/{rel}","templated":true}]}}