{"id":56,"date":"2023-01-09T17:20:47","date_gmt":"2023-01-09T22:20:47","guid":{"rendered":"http:\/\/medcitysmokeshop.com\/?p=56"},"modified":"2025-06-12T12:04:37","modified_gmt":"2025-06-12T17:04:37","slug":"hoodie-with-zipper","status":"publish","type":"product","link":"https:\/\/medcitysmokeshop.com\/?product=hoodie-with-zipper","title":{"rendered":"Game Cigarillos Mango"},"content":{"rendered":"<p>Game Cigars son los cigarros hechos a m\u00e1quina m\u00e1s vendidos en los Estados Unidos.\u00a0Fabricado por Garc\u00eda y Vega, esta l\u00ednea de cigarros se introdujo por primera vez en 2007.<\/p>\n<p>Desde entonces, se han convertido en los favoritos de los fumadores nuevos y experimentados por su alta calidad, deliciosos sabores y precios asequibles.\u00a0Estos cigarros est\u00e1n llenos de tabacos de primera categor\u00eda que se han cultivado en tres pa\u00edses diferentes.\u00a0Esta mezcla \u00fanica le da a estos cigarros hermosos y cl\u00e1sicos matices.<\/p>\n","protected":false},"excerpt":{"rendered":"<p>Game Cigars son los cigarros hechos a m\u00e1quina m\u00e1s vendidos en los Estados Unidos.\u00a0Fabricado por Garc\u00eda y Vega, esta l\u00ednea de cigarros se introdujo por primera vez en 2007. Desde entonces, se han convertido en los favoritos de los fumadores nuevos y experimentados por su alta calidad, deliciosos sabores y precios asequibles.\u00a0Estos cigarros est\u00e1n llenos [&hellip;]<\/p>\n","protected":false},"featured_media":137,"template":"","meta":{"nf_dc_page":"","om_disable_all_campaigns":false,"_exactmetrics_skip_tracking":false,"_exactmetrics_sitenote_active":false,"_exactmetrics_sitenote_note":"","_exactmetrics_sitenote_category":0,"_uf_show_specific_survey":0,"_uf_disable_surveys":false},"product_brand":[],"product_cat":[31],"product_tag":[35,25],"class_list":{"0":"post-56","1":"product","2":"type-product","3":"status-publish","4":"has-post-thumbnail","6":"product_cat-cigarros","7":"product_tag-game","8":"product_tag-tabaco","10":"first","11":"instock","12":"featured","13":"taxable","14":"shipping-taxable","15":"purchasable","16":"product-type-simple"},"aioseo_notices":[],"jetpack_sharing_enabled":true,"_links":{"self":[{"href":"https:\/\/medcitysmokeshop.com\/index.php?rest_route=\/wp\/v2\/product\/56","targetHints":{"allow":["GET"]}}],"collection":[{"href":"https:\/\/medcitysmokeshop.com\/index.php?rest_route=\/wp\/v2\/product"}],"about":[{"href":"https:\/\/medcitysmokeshop.com\/index.php?rest_route=\/wp\/v2\/types\/product"}],"wp:featuredmedia":[{"embeddable":true,"href":"https:\/\/medcitysmokeshop.com\/index.php?rest_route=\/wp\/v2\/media\/137"}],"wp:attachment":[{"href":"https:\/\/medcitysmokeshop.com\/index.php?rest_route=%2Fwp%2Fv2%2Fmedia&parent=56"}],"wp:term":[{"taxonomy":"product_brand","embeddable":true,"href":"https:\/\/medcitysmokeshop.com\/index.php?rest_route=%2Fwp%2Fv2%2Fproduct_brand&post=56"},{"taxonomy":"product_cat","embeddable":true,"href":"https:\/\/medcitysmokeshop.com\/index.php?rest_route=%2Fwp%2Fv2%2Fproduct_cat&post=56"},{"taxonomy":"product_tag","embeddable":true,"href":"https:\/\/medcitysmokeshop.com\/index.php?rest_route=%2Fwp%2Fv2%2Fproduct_tag&post=56"}],"curies":[{"name":"wp","href":"https:\/\/api.w.org\/{rel}","templated":true}]}}