{"id":59,"date":"2023-01-09T17:20:48","date_gmt":"2023-01-09T22:20:48","guid":{"rendered":"http:\/\/medcitysmokeshop.com\/?p=59"},"modified":"2025-06-12T11:58:44","modified_gmt":"2025-06-12T16:58:44","slug":"polo","status":"publish","type":"product","link":"https:\/\/medcitysmokeshop.com\/?product=polo","title":{"rendered":"Bandejas de armado Raw"},"content":{"rendered":"<p>Bandejas de armado Raw son ideales para mantener limpia la zona donde se preparan los porros, evitar\u00e1s desperdiciar nada de tu material.<br \/>\nTienen como motivo el emblema de los librillos de papel.<br \/>\nNos encontraremos con una pr\u00e1ctica superficie plana donde colocaremos los objetos que queramos trasportar o depositar en ella. Los bordes est\u00e1n ligeramente elevados para recoger en su interior todo lo que pongamos en ella. Su practico dise\u00f1o brinda comodidad y podr\u00e1s utilizarla para m\u00faltiples tareas.<br \/>\nHechas de metal resistente y lacadas para proteger el dise\u00f1o de rozaduras y rayas.<br \/>\nLa parte de abajo es dorada y refleja la luz de una forma muy bonita.<\/p>\n<p>Medidas y modelos de bandejas de Armar de Raw:<\/p>\n","protected":false},"excerpt":{"rendered":"<p>Bandejas de armado Raw son ideales para mantener limpia la zona donde se preparan los porros, evitar\u00e1s desperdiciar nada de tu material. Tienen como motivo el emblema de los librillos de papel. Nos encontraremos con una pr\u00e1ctica superficie plana donde colocaremos los objetos que queramos trasportar o depositar en ella. Los bordes est\u00e1n ligeramente elevados [&hellip;]<\/p>\n","protected":false},"featured_media":111,"template":"","meta":{"nf_dc_page":"","om_disable_all_campaigns":false,"_exactmetrics_skip_tracking":false,"_exactmetrics_sitenote_active":false,"_exactmetrics_sitenote_note":"","_exactmetrics_sitenote_category":0,"_uf_show_specific_survey":0,"_uf_disable_surveys":false},"product_brand":[],"product_cat":[27],"product_tag":[30,29,28],"class_list":{"0":"post-59","1":"product","2":"type-product","3":"status-publish","4":"has-post-thumbnail","6":"product_cat-bandejas","7":"product_tag-armado","8":"product_tag-bandejas","9":"product_tag-raw","11":"first","12":"instock","13":"taxable","14":"shipping-taxable","15":"purchasable","16":"product-type-simple"},"aioseo_notices":[],"jetpack_sharing_enabled":true,"_links":{"self":[{"href":"https:\/\/medcitysmokeshop.com\/index.php?rest_route=\/wp\/v2\/product\/59","targetHints":{"allow":["GET"]}}],"collection":[{"href":"https:\/\/medcitysmokeshop.com\/index.php?rest_route=\/wp\/v2\/product"}],"about":[{"href":"https:\/\/medcitysmokeshop.com\/index.php?rest_route=\/wp\/v2\/types\/product"}],"wp:featuredmedia":[{"embeddable":true,"href":"https:\/\/medcitysmokeshop.com\/index.php?rest_route=\/wp\/v2\/media\/111"}],"wp:attachment":[{"href":"https:\/\/medcitysmokeshop.com\/index.php?rest_route=%2Fwp%2Fv2%2Fmedia&parent=59"}],"wp:term":[{"taxonomy":"product_brand","embeddable":true,"href":"https:\/\/medcitysmokeshop.com\/index.php?rest_route=%2Fwp%2Fv2%2Fproduct_brand&post=59"},{"taxonomy":"product_cat","embeddable":true,"href":"https:\/\/medcitysmokeshop.com\/index.php?rest_route=%2Fwp%2Fv2%2Fproduct_cat&post=59"},{"taxonomy":"product_tag","embeddable":true,"href":"https:\/\/medcitysmokeshop.com\/index.php?rest_route=%2Fwp%2Fv2%2Fproduct_tag&post=59"}],"curies":[{"name":"wp","href":"https:\/\/api.w.org\/{rel}","templated":true}]}}